{"id":2694,"date":"2026-04-09T14:25:45","date_gmt":"2026-04-09T14:25:45","guid":{"rendered":"https:\/\/evb-france.com\/?post_type=product&#038;p=2694"},"modified":"2026-04-15T10:02:17","modified_gmt":"2026-04-15T10:02:17","slug":"lps-ii-1100","status":"publish","type":"product","link":"https:\/\/evb-france.com\/en\/product\/lps-ii-1100\/","title":{"rendered":"LPS II 1100 &#8211; 0.6 kWh"},"content":{"rendered":"<p>Un LPS II 1100 int\u00e8gre : une batterie lithium-ion de 1 kWh, un onduleur sinuso\u00efdal de 1100 W &#8211; 230 V\/50 Hz, un booster (charge \u00e0 partir de l&rsquo;alternateur), un chargeur intelligent (charge \u00e0 partir du secteur), des relais, un affichage, une fonction d&rsquo;aide au d\u00e9marrage, etc.<\/p>\n<p>&nbsp;<\/p>","protected":false},"excerpt":{"rendered":"<div id=\"model-response-message-contentr_93dacc738613f11b\" class=\"markdown markdown-main-panel stronger enable-updated-hr-color\" dir=\"ltr\" aria-live=\"polite\" aria-busy=\"false\">\n<p data-path-to-node=\"0\">LPS II 1100 : Tout-en-un Lithium 1100W 768Wh Sortie 230V\/12V Peak 5000W Aide au d\u00e9marrage 40A DC-DC Alternateur 25A (115A avec booster) Bluetooth Int\u00e9gr\u00e9<\/p>\n<p><a href=\"https:\/\/evb-france.com\/wp-content\/uploads\/2026\/04\/lpsii-manual-fr-revision-8-01.pdf\">Manuel &#8211; LPS II\u00a0 \u00a0 \u00a0 \u00a0 \u00a0 \u00a0 \u00a0 \u00a0 \u00a0 \u00a0 \u00a0 \u00a0 \u00a0<\/a><a href=\"https:\/\/evb-france.com\/wp-content\/uploads\/2026\/04\/Presentation_LPS-II_FR_20260309.pdf\">Informations Techniques &#8211; LPS II<\/a><\/p>\n<\/div>\n<p>&nbsp;<\/p>\n<p>&nbsp;<\/p>\n<p>&nbsp;<\/p>","protected":false},"featured_media":2705,"template":"","meta":{"_acf_changed":false},"product_brand":[],"product_cat":[118,116],"product_tag":[],"class_list":{"0":"post-2694","1":"product","2":"type-product","3":"status-publish","4":"has-post-thumbnail","6":"product_cat-tout-en-1-batteries","7":"product_cat-tout-en-1","9":"first","10":"instock","11":"taxable","12":"shipping-taxable","13":"purchasable","14":"product-type-simple"},"acf":[],"_links":{"self":[{"href":"https:\/\/evb-france.com\/en\/wp-json\/wp\/v2\/product\/2694","targetHints":{"allow":["GET"]}}],"collection":[{"href":"https:\/\/evb-france.com\/en\/wp-json\/wp\/v2\/product"}],"about":[{"href":"https:\/\/evb-france.com\/en\/wp-json\/wp\/v2\/types\/product"}],"version-history":[{"count":22,"href":"https:\/\/evb-france.com\/en\/wp-json\/wp\/v2\/product\/2694\/revisions"}],"predecessor-version":[{"id":2785,"href":"https:\/\/evb-france.com\/en\/wp-json\/wp\/v2\/product\/2694\/revisions\/2785"}],"wp:featuredmedia":[{"embeddable":true,"href":"https:\/\/evb-france.com\/en\/wp-json\/wp\/v2\/media\/2705"}],"wp:attachment":[{"href":"https:\/\/evb-france.com\/en\/wp-json\/wp\/v2\/media?parent=2694"}],"wp:term":[{"taxonomy":"product_brand","embeddable":true,"href":"https:\/\/evb-france.com\/en\/wp-json\/wp\/v2\/product_brand?post=2694"},{"taxonomy":"product_cat","embeddable":true,"href":"https:\/\/evb-france.com\/en\/wp-json\/wp\/v2\/product_cat?post=2694"},{"taxonomy":"product_tag","embeddable":true,"href":"https:\/\/evb-france.com\/en\/wp-json\/wp\/v2\/product_tag?post=2694"}],"curies":[{"name":"wp","href":"https:\/\/api.w.org\/{rel}","templated":true}]}}