{"id":2682,"date":"2026-04-07T11:45:31","date_gmt":"2026-04-07T11:45:31","guid":{"rendered":"https:\/\/evb-france.com\/?post_type=product&#038;p=2682"},"modified":"2026-04-15T10:02:49","modified_gmt":"2026-04-15T10:02:49","slug":"lps-ii-3000-2-kwh","status":"publish","type":"product","link":"https:\/\/evb-france.com\/en\/product\/lps-ii-3000-2-kwh\/","title":{"rendered":"LPS II 3000 &#8211; 2 kWh"},"content":{"rendered":"<p>Un LPS II 3000 int\u00e8gre : une batterie lithium-ion de 2 kWh, un onduleur sinuso\u00efdal de 3000 W &#8211; 230 V\/50 Hz, un booster (charge \u00e0 partir de l&rsquo;alternateur), un r\u00e9gulateur solaire (charge \u00e0 partir de panneaux solaires), un chargeur intelligent (charge \u00e0 partir du secteur), des relais, un affichage, une fonction d&rsquo;aide au d\u00e9marrage, etc.<\/p>","protected":false},"excerpt":{"rendered":"<div id=\"model-response-message-contentr_8ec3276d4494432e\" class=\"markdown markdown-main-panel stronger enable-updated-hr-color\" dir=\"ltr\" aria-live=\"polite\" aria-busy=\"false\">\n<p data-path-to-node=\"0\">LPS II 3000 : Tout-en-un Lithium 3000W 2112Wh Sortie 230V\/12V Peak 5000W Aide au d\u00e9marrage 350A Booster Alternateur 1000W MPPT Solaire 400W Chargeur Secteur 750W<\/p>\n<p data-path-to-node=\"0\"><a href=\"https:\/\/evb-france.com\/wp-content\/uploads\/2026\/04\/lpsii-manual-fr-revision-8-01.pdf\">Manuel &#8211; LPS II\u00a0 \u00a0 \u00a0 \u00a0 \u00a0 \u00a0 \u00a0 \u00a0 \u00a0 \u00a0 \u00a0 \u00a0 \u00a0<\/a><a href=\"https:\/\/evb-france.com\/wp-content\/uploads\/2026\/04\/Presentation_LPS-II_FR_20260309.pdf\">Informations Techniques &#8211; LPS II<\/a><\/p>\n<\/div>","protected":false},"featured_media":2705,"template":"","meta":{"_acf_changed":false},"product_brand":[],"product_cat":[116,118],"product_tag":[],"class_list":{"0":"post-2682","1":"product","2":"type-product","3":"status-publish","4":"has-post-thumbnail","6":"product_cat-tout-en-1","7":"product_cat-tout-en-1-batteries","9":"first","10":"instock","11":"taxable","12":"shipping-taxable","13":"purchasable","14":"product-type-simple"},"acf":[],"_links":{"self":[{"href":"https:\/\/evb-france.com\/en\/wp-json\/wp\/v2\/product\/2682","targetHints":{"allow":["GET"]}}],"collection":[{"href":"https:\/\/evb-france.com\/en\/wp-json\/wp\/v2\/product"}],"about":[{"href":"https:\/\/evb-france.com\/en\/wp-json\/wp\/v2\/types\/product"}],"version-history":[{"count":6,"href":"https:\/\/evb-france.com\/en\/wp-json\/wp\/v2\/product\/2682\/revisions"}],"predecessor-version":[{"id":2786,"href":"https:\/\/evb-france.com\/en\/wp-json\/wp\/v2\/product\/2682\/revisions\/2786"}],"wp:featuredmedia":[{"embeddable":true,"href":"https:\/\/evb-france.com\/en\/wp-json\/wp\/v2\/media\/2705"}],"wp:attachment":[{"href":"https:\/\/evb-france.com\/en\/wp-json\/wp\/v2\/media?parent=2682"}],"wp:term":[{"taxonomy":"product_brand","embeddable":true,"href":"https:\/\/evb-france.com\/en\/wp-json\/wp\/v2\/product_brand?post=2682"},{"taxonomy":"product_cat","embeddable":true,"href":"https:\/\/evb-france.com\/en\/wp-json\/wp\/v2\/product_cat?post=2682"},{"taxonomy":"product_tag","embeddable":true,"href":"https:\/\/evb-france.com\/en\/wp-json\/wp\/v2\/product_tag?post=2682"}],"curies":[{"name":"wp","href":"https:\/\/api.w.org\/{rel}","templated":true}]}}