{"id":2674,"date":"2026-04-02T15:33:14","date_gmt":"2026-04-02T15:33:14","guid":{"rendered":"https:\/\/evb-france.com\/?post_type=product&#038;p=2674"},"modified":"2026-04-15T10:03:57","modified_gmt":"2026-04-15T10:03:57","slug":"lps-ii-2000-1-kwh","status":"publish","type":"product","link":"https:\/\/evb-france.com\/en\/product\/lps-ii-2000-1-kwh\/","title":{"rendered":"LPS II 2000 &#8211; 1 kWh"},"content":{"rendered":"<p>Un LPS II 2000 int\u00e8gre : une batterie lithium-ion de 1 kWh, un onduleur sinuso\u00efdal de 1500 W &#8211; 230 V\/50 Hz, un booster (charge \u00e0 partir de l&rsquo;alternateur), un r\u00e9gulateur solaire (charge \u00e0 partir de panneaux solaires), un chargeur intelligent (charge \u00e0 partir du secteur), des relais, un affichage, une fonction d&rsquo;aide au d\u00e9marrage, etc.<\/p>","protected":false},"excerpt":{"rendered":"<div id=\"model-response-message-contentr_b930aa14c87ec5c1\" class=\"markdown markdown-main-panel stronger enable-updated-hr-color\" dir=\"ltr\" aria-live=\"polite\" aria-busy=\"false\">\n<p data-path-to-node=\"0\">LPS II 2000 : Tout-en-un Lithium 2000W 1320Wh Sortie 230V\/12V Peak 3000W Aide au d\u00e9marrage 270A Booster Alternateur 1000W MPPT Solaire 400W Chargeur Secteur 750W<\/p>\n<\/div>\n<p style=\"text-align: left;\" data-path-to-node=\"0\"><a href=\"https:\/\/evb-france.com\/wp-content\/uploads\/2026\/04\/lpsii-manual-fr-revision-8-01.pdf\">Manuel &#8211; LPS II\u00a0 \u00a0 \u00a0 \u00a0 \u00a0 \u00a0 \u00a0 \u00a0 \u00a0 \u00a0 \u00a0 \u00a0 \u00a0<\/a><a href=\"https:\/\/evb-france.com\/wp-content\/uploads\/2026\/04\/Presentation_LPS-II_FR_20260309.pdf\">Informations Techniques &#8211; LPS II<\/a><\/p>","protected":false},"featured_media":2705,"template":"","meta":{"_acf_changed":false},"product_brand":[],"product_cat":[116,118],"product_tag":[],"class_list":{"0":"post-2674","1":"product","2":"type-product","3":"status-publish","4":"has-post-thumbnail","6":"product_cat-tout-en-1","7":"product_cat-tout-en-1-batteries","9":"first","10":"instock","11":"taxable","12":"shipping-taxable","13":"purchasable","14":"product-type-simple"},"acf":[],"_links":{"self":[{"href":"https:\/\/evb-france.com\/en\/wp-json\/wp\/v2\/product\/2674","targetHints":{"allow":["GET"]}}],"collection":[{"href":"https:\/\/evb-france.com\/en\/wp-json\/wp\/v2\/product"}],"about":[{"href":"https:\/\/evb-france.com\/en\/wp-json\/wp\/v2\/types\/product"}],"version-history":[{"count":7,"href":"https:\/\/evb-france.com\/en\/wp-json\/wp\/v2\/product\/2674\/revisions"}],"predecessor-version":[{"id":2788,"href":"https:\/\/evb-france.com\/en\/wp-json\/wp\/v2\/product\/2674\/revisions\/2788"}],"wp:featuredmedia":[{"embeddable":true,"href":"https:\/\/evb-france.com\/en\/wp-json\/wp\/v2\/media\/2705"}],"wp:attachment":[{"href":"https:\/\/evb-france.com\/en\/wp-json\/wp\/v2\/media?parent=2674"}],"wp:term":[{"taxonomy":"product_brand","embeddable":true,"href":"https:\/\/evb-france.com\/en\/wp-json\/wp\/v2\/product_brand?post=2674"},{"taxonomy":"product_cat","embeddable":true,"href":"https:\/\/evb-france.com\/en\/wp-json\/wp\/v2\/product_cat?post=2674"},{"taxonomy":"product_tag","embeddable":true,"href":"https:\/\/evb-france.com\/en\/wp-json\/wp\/v2\/product_tag?post=2674"}],"curies":[{"name":"wp","href":"https:\/\/api.w.org\/{rel}","templated":true}]}}