{"id":2642,"date":"2026-04-02T01:18:31","date_gmt":"2026-04-02T01:18:31","guid":{"rendered":"https:\/\/evb-france.com\/?post_type=product&#038;p=2642"},"modified":"2026-04-15T10:04:44","modified_gmt":"2026-04-15T10:04:44","slug":"lps-ii-1500","status":"publish","type":"product","link":"https:\/\/evb-france.com\/en\/product\/lps-ii-1500\/","title":{"rendered":"LPS II 1500 &#8211; 1 kWh SE"},"content":{"rendered":"<div data-elementor-type=\"product-post\" data-elementor-id=\"2642\" class=\"elementor elementor-2642\" data-elementor-post-type=\"product\">\n\t\t\t\t<div class=\"elementor-element elementor-element-36551b79 e-flex e-con-boxed e-con e-parent\" data-id=\"36551b79\" data-element_type=\"container\" data-e-type=\"container\">\n\t\t\t\t\t<div class=\"e-con-inner\">\n\t\t\t\t<div class=\"elementor-element elementor-element-73bfa521 color-scheme-inherit text-left elementor-widget elementor-widget-text-editor\" data-id=\"73bfa521\" data-element_type=\"widget\" data-e-type=\"widget\" data-widget_type=\"text-editor.default\">\n\t\t\t\t<div class=\"elementor-widget-container\">\n\t\t\t\t\t\t\t\t\tUn LPS II 1500 int\u00e8gre : une batterie lithium-ion de 1 kWh, un onduleur sinuso\u00efdal de 1500 W &#8211; 230 V\/50 Hz, un booster (charge \u00e0 partir de l&rsquo;alternateur), un chargeur intelligent (charge \u00e0 partir du secteur), des relais, un affichage, une fonction d&rsquo;aide au d\u00e9marrage, etc.\t\t\t\t\t\t\t\t<\/div>\n\t\t\t\t<\/div>\n\t\t\t\t\t<\/div>\n\t\t\t\t<\/div>\n\t\t\t\t<\/div>","protected":false},"excerpt":{"rendered":"<div id=\"model-response-message-contentr_a248d1853713f416\" class=\"markdown markdown-main-panel stronger enable-updated-hr-color\" dir=\"ltr\" aria-live=\"polite\" aria-busy=\"false\">\n<p data-path-to-node=\"0\">LPS II 1500 : Tout-en-un Lithium 1500W 1320Wh Sortie 230V\/12V Peak 2600W Aide au d\u00e9marrage 270A Booster Alternateur 300W Chargeur Secteur 550W<\/p>\n<\/div>\n<p><a href=\"https:\/\/evb-france.com\/wp-content\/uploads\/2026\/04\/lpsii-manual-fr-revision-8-01.pdf\">Manuel &#8211; LPS II\u00a0 \u00a0 \u00a0 \u00a0 \u00a0 \u00a0 \u00a0 \u00a0 \u00a0 \u00a0 \u00a0 \u00a0 \u00a0<\/a><a href=\"https:\/\/evb-france.com\/wp-content\/uploads\/2026\/04\/Presentation_LPS-II_FR_20260309.pdf\">Informations Techniques &#8211; LPS II<\/a><\/p>\n<p>&nbsp;<\/p>","protected":false},"featured_media":2705,"template":"","meta":{"_acf_changed":false},"product_brand":[],"product_cat":[116,118],"product_tag":[],"class_list":{"0":"post-2642","1":"product","2":"type-product","3":"status-publish","4":"has-post-thumbnail","6":"product_cat-tout-en-1","7":"product_cat-tout-en-1-batteries","9":"first","10":"instock","11":"downloadable","12":"taxable","13":"shipping-taxable","14":"purchasable","15":"product-type-simple"},"acf":[],"_links":{"self":[{"href":"https:\/\/evb-france.com\/en\/wp-json\/wp\/v2\/product\/2642","targetHints":{"allow":["GET"]}}],"collection":[{"href":"https:\/\/evb-france.com\/en\/wp-json\/wp\/v2\/product"}],"about":[{"href":"https:\/\/evb-france.com\/en\/wp-json\/wp\/v2\/types\/product"}],"version-history":[{"count":15,"href":"https:\/\/evb-france.com\/en\/wp-json\/wp\/v2\/product\/2642\/revisions"}],"predecessor-version":[{"id":2789,"href":"https:\/\/evb-france.com\/en\/wp-json\/wp\/v2\/product\/2642\/revisions\/2789"}],"wp:featuredmedia":[{"embeddable":true,"href":"https:\/\/evb-france.com\/en\/wp-json\/wp\/v2\/media\/2705"}],"wp:attachment":[{"href":"https:\/\/evb-france.com\/en\/wp-json\/wp\/v2\/media?parent=2642"}],"wp:term":[{"taxonomy":"product_brand","embeddable":true,"href":"https:\/\/evb-france.com\/en\/wp-json\/wp\/v2\/product_brand?post=2642"},{"taxonomy":"product_cat","embeddable":true,"href":"https:\/\/evb-france.com\/en\/wp-json\/wp\/v2\/product_cat?post=2642"},{"taxonomy":"product_tag","embeddable":true,"href":"https:\/\/evb-france.com\/en\/wp-json\/wp\/v2\/product_tag?post=2642"}],"curies":[{"name":"wp","href":"https:\/\/api.w.org\/{rel}","templated":true}]}}