{"id":2415,"date":"2025-01-27T15:19:18","date_gmt":"2025-01-27T15:19:18","guid":{"rendered":"https:\/\/evb-france.com\/?post_type=product&#038;p=2415"},"modified":"2025-01-27T15:19:27","modified_gmt":"2025-01-27T15:19:27","slug":"batterie-agm-12v-90ah-deep-cycle-victron","status":"publish","type":"product","link":"https:\/\/evb-france.com\/en\/product\/batterie-agm-12v-90ah-deep-cycle-victron\/","title":{"rendered":"AGM battery \u2013 12V\/90Ah \u2013 Deep Cycle \u2013 VICTRON"},"content":{"rendered":"<table dir=\"ltr\" border=\"1\" cellspacing=\"0\" cellpadding=\"0\" data-sheets-root=\"1\">\n<colgroup>\n<col width=\"216\" \/>\n<col width=\"130\" \/><\/colgroup>\n<tbody>\n<tr>\n<td data-sheets-value=\"{&quot;1&quot;:2,&quot;2&quot;:&quot;Caract\u00e9ristique&quot;}\">Characteristic<\/td>\n<td data-sheets-value=\"{&quot;1&quot;:2,&quot;2&quot;:&quot;Valeur&quot;}\">Value<\/td>\n<\/tr>\n<tr>\n<td><\/td>\n<td><\/td>\n<\/tr>\n<tr>\n<td data-sheets-value=\"{&quot;1&quot;:2,&quot;2&quot;:&quot;Marque&quot;}\">Brand<\/td>\n<td data-sheets-value=\"{&quot;1&quot;:2,&quot;2&quot;:&quot;Victron Energy&quot;}\">Victron Energy<\/td>\n<\/tr>\n<tr>\n<td data-sheets-value=\"{&quot;1&quot;:2,&quot;2&quot;:&quot;Type de batterie&quot;}\">Battery Type<\/td>\n<td data-sheets-value=\"{&quot;1&quot;:2,&quot;2&quot;:&quot;AGM&quot;}\">AGM<\/td>\n<\/tr>\n<tr>\n<td data-sheets-value=\"{&quot;1&quot;:2,&quot;2&quot;:&quot;Tension de batterie&quot;}\">Battery voltage<\/td>\n<td data-sheets-value=\"{&quot;1&quot;:2,&quot;2&quot;:&quot;12V&quot;}\">12V<\/td>\n<\/tr>\n<tr>\n<td data-sheets-value=\"{&quot;1&quot;:2,&quot;2&quot;:&quot;Capacit\u00e9 nominale&quot;}\">Nominal capacity<\/td>\n<td data-sheets-value=\"{&quot;1&quot;:2,&quot;2&quot;:&quot;90Ah&quot;}\">90Ah<\/td>\n<\/tr>\n<tr>\n<td data-sheets-value=\"{&quot;1&quot;:2,&quot;2&quot;:&quot;Capacit\u00e9 20h \u00e0 100% (10.8V)&quot;}\">Capacity 20h at 100% (10.8V)<\/td>\n<td data-sheets-value=\"{&quot;1&quot;:2,&quot;2&quot;:&quot;90Ah&quot;}\">90Ah<\/td>\n<\/tr>\n<tr>\n<td data-sheets-value=\"{&quot;1&quot;:2,&quot;2&quot;:&quot;Capacit\u00e9 10h \u00e0 92% (10.8V)&quot;}\">Capacity 10h at 92% (10.8V)<\/td>\n<td data-sheets-value=\"{&quot;1&quot;:2,&quot;2&quot;:&quot;82Ah&quot;}\">82Ah<\/td>\n<\/tr>\n<tr>\n<td data-sheets-value=\"{&quot;1&quot;:2,&quot;2&quot;:&quot;Capacit\u00e9 3h \u00e0 78% (10.8V)&quot;}\">Capacity 3h at 78% (10.8V)<\/td>\n<td data-sheets-value=\"{&quot;1&quot;:2,&quot;2&quot;:&quot;70Ah&quot;}\">70Ah<\/td>\n<\/tr>\n<tr>\n<td data-sheets-value=\"{&quot;1&quot;:2,&quot;2&quot;:&quot;Capacit\u00e9 1h \u00e0 65% (10.8V)&quot;}\">Capacity 1h at 65% (10.8V)<\/td>\n<td data-sheets-value=\"{&quot;1&quot;:2,&quot;2&quot;:&quot;58Ah&quot;}\">58Ah<\/td>\n<\/tr>\n<tr>\n<td data-sheets-value=\"{&quot;1&quot;:2,&quot;2&quot;:&quot;Dur\u00e9e de vie en floating&quot;}\">Floating life<\/td>\n<td data-sheets-value=\"{&quot;1&quot;:2,&quot;2&quot;:&quot;7 - 10 ans \u00e0 20\u00b0C&quot;}\">7 \u2013 10 years at 20\u00b0C<\/td>\n<\/tr>\n<tr>\n<td data-sheets-value=\"{&quot;1&quot;:2,&quot;2&quot;:&quot;Dur\u00e9e de vie \u00e0 d\u00e9charge 80%&quot;}\">80% Discharge Life<\/td>\n<td data-sheets-value=\"{&quot;1&quot;:2,&quot;2&quot;:&quot;400 cycles&quot;}\">400 cycles<\/td>\n<\/tr>\n<tr>\n<td data-sheets-value=\"{&quot;1&quot;:2,&quot;2&quot;:&quot;Dur\u00e9e de vie \u00e0 d\u00e9charge 50%&quot;}\">50% Discharge Life<\/td>\n<td data-sheets-value=\"{&quot;1&quot;:2,&quot;2&quot;:&quot;600 cycles&quot;}\">600 cycles<\/td>\n<\/tr>\n<tr>\n<td data-sheets-value=\"{&quot;1&quot;:2,&quot;2&quot;:&quot;Dur\u00e9e de vie \u00e0 d\u00e9charge 30%&quot;}\">30% Discharge Life<\/td>\n<td data-sheets-value=\"{&quot;1&quot;:2,&quot;2&quot;:&quot;1500 cycles&quot;}\">1500 cycles<\/td>\n<\/tr>\n<tr>\n<td data-sheets-value=\"{&quot;1&quot;:2,&quot;2&quot;:&quot;Borne&quot;}\">Terminal<\/td>\n<td data-sheets-value=\"{&quot;1&quot;:2,&quot;2&quot;:&quot;Cuivre, M8&quot;}\">Copper, M8<\/td>\n<\/tr>\n<tr>\n<td data-sheets-value=\"{&quot;1&quot;:2,&quot;2&quot;:&quot;Temp\u00e9rature de charge&quot;}\">Charging temperature<\/td>\n<td data-sheets-value=\"{&quot;1&quot;:2,&quot;2&quot;:&quot;-20\u00b0C ~ 50\u2103&quot;}\">-20\u00b0C ~ 50\u2103<\/td>\n<\/tr>\n<tr>\n<td data-sheets-value=\"{&quot;1&quot;:2,&quot;2&quot;:&quot;Tension de cyclage - Absorption&quot;}\">Cycling Voltage \u2013 Absorption<\/td>\n<td data-sheets-value=\"{&quot;1&quot;:2,&quot;2&quot;:&quot;14.2V - 14.6V&quot;}\">14.2V \u2013 14.6V<\/td>\n<\/tr>\n<tr>\n<td data-sheets-value=\"{&quot;1&quot;:2,&quot;2&quot;:&quot;Tension de cyclage - Float&quot;}\">Cycling Voltage \u2013 Float<\/td>\n<td data-sheets-value=\"{&quot;1&quot;:2,&quot;2&quot;:&quot;13.5V - 13.8V&quot;}\">13.5V \u2013 13.8V<\/td>\n<\/tr>\n<tr>\n<td data-sheets-value=\"{&quot;1&quot;:2,&quot;2&quot;:&quot;Tension de cyclage - Veille&quot;}\">Cycling Voltage \u2013 Standby<\/td>\n<td data-sheets-value=\"{&quot;1&quot;:2,&quot;2&quot;:&quot;13.2V - 13.5V&quot;}\">13.2V \u2013 13.5V<\/td>\n<\/tr>\n<tr>\n<td data-sheets-value=\"{&quot;1&quot;:2,&quot;2&quot;:&quot;Dimensions (H x L x P)&quot;}\">Dimensions (H x W x D)<\/td>\n<td data-sheets-value=\"{&quot;1&quot;:2,&quot;2&quot;:&quot;167 x 350 x 183 mm&quot;}\">167 x 350 x 183 mm<\/td>\n<\/tr>\n<tr>\n<td data-sheets-value=\"{&quot;1&quot;:2,&quot;2&quot;:&quot;Poids net (kg)&quot;}\">Net weight (kg)<\/td>\n<td data-sheets-value=\"{&quot;1&quot;:3,&quot;3&quot;:45435}\" data-sheets-numberformat=\"{&quot;1&quot;:5,&quot;2&quot;:&quot;d.m&quot;,&quot;3&quot;:1}\">23.5<\/td>\n<\/tr>\n<tr>\n<td data-sheets-value=\"{&quot;1&quot;:2,&quot;2&quot;:&quot;Garantie Fabricant&quot;}\">Manufacturer Warranty<\/td>\n<td data-sheets-value=\"{&quot;1&quot;:2,&quot;2&quot;:&quot;2 ans&quot;}\">2 years<\/td>\n<\/tr>\n<tr>\n<td data-sheets-value=\"{&quot;1&quot;:2,&quot;2&quot;:&quot;Garantie Magasin&quot;}\">Store Guarantee<\/td>\n<td data-sheets-value=\"{&quot;1&quot;:2,&quot;2&quot;:&quot;1 an&quot;}\">1 year<\/td>\n<\/tr>\n<tr>\n<td data-sheets-value=\"{&quot;1&quot;:2,&quot;2&quot;:&quot;Certificats&quot;}\">Certificates<\/td>\n<td data-sheets-value=\"{&quot;1&quot;:2,&quot;2&quot;:&quot;CE&quot;}\">THIS<\/td>\n<\/tr>\n<\/tbody>\n<\/table>\n<h2 class=\"\" data-sourcepos=\"1:1-1:85\">How to use and benefits of the AGM 12V\/90Ah battery \u2013 Deep Cycle \u2013 VICTRON<\/h2>\n<p data-sourcepos=\"3:1-3:23\"><strong>How to use:<\/strong><\/p>\n<ul data-sourcepos=\"5:1-10:57\">\n<li data-sourcepos=\"5:1-10:57\">\n<p data-sourcepos=\"5:3-5:13\"><strong>Charge:<\/strong><\/p>\n<ul data-sourcepos=\"7:5-10:57\">\n<li data-sourcepos=\"7:5-7:81\">Use a specific AGM battery charger to recharge the battery.<\/li>\n<li data-sourcepos=\"8:5-8:60\">The recommended charging voltage is 14.4V to 14.8V.<\/li>\n<li data-sourcepos=\"9:5-9:122\">The charging current must not exceed 25% of the battery capacity (22.5A in the case of a 90Ah battery).<\/li>\n<li data-sourcepos=\"10:5-10:57\">The ideal charging temperature is between 20\u00b0C and 25\u00b0C.<\/li>\n<li data-sourcepos=\"11:5-12:0\">Avoid charging the battery at extreme temperatures (below -10\u00b0C or above 50\u00b0C).<\/li>\n<\/ul>\n<\/li>\n<li data-sourcepos=\"13:1-17:5\">\n<p data-sourcepos=\"13:3-13:15\"><strong>Dump:<\/strong><\/p>\n<ul data-sourcepos=\"15:5-17:5\">\n<li data-sourcepos=\"15:5-15:95\">The AGM 12V\/90Ah \u2013 Deep Cycle battery is designed for frequent deep discharges.<\/li>\n<li data-sourcepos=\"16:5-16:95\">You can discharge the battery up to 80% of its capacity without damaging the battery.<\/li>\n<li data-sourcepos=\"17:5-17:5\">Avoid completely discharging the battery (below 10.5V).<\/li>\n<li data-sourcepos=\"18:5-19:0\">If you do not use the battery for a long time, store it charged to approximately 50% of its capacity.<\/li>\n<\/ul>\n<\/li>\n<li data-sourcepos=\"20:1-26:0\">\n<p data-sourcepos=\"20:3-20:29\"><strong>Directions for use:<\/strong><\/p>\n<ul data-sourcepos=\"22:5-26:0\">\n<li data-sourcepos=\"22:5-22:67\">Install the battery in a clean, dry and ventilated place.<\/li>\n<li data-sourcepos=\"23:5-23:55\">Protect the battery from shock and vibration.<\/li>\n<li data-sourcepos=\"24:5-24:60\">Keep battery terminals clean and dry.<\/li>\n<li data-sourcepos=\"25:5-26:0\">Disconnect the battery if you do not use it for a long time.<\/li>\n<\/ul>\n<\/li>\n<\/ul>\n<p data-sourcepos=\"27:1-27:14\"><strong>Benefits:<\/strong><\/p>\n<ul data-sourcepos=\"29:1-31:100\">\n<li data-sourcepos=\"29:1-29:191\"><strong>Longer life:<\/strong> AGM batteries have a longer life than traditional lead-acid batteries, lasting up to 10 years or more with proper maintenance.<\/li>\n<li data-sourcepos=\"30:1-30:132\"><strong>Deep discharge resistance:<\/strong> AGM batteries are designed for frequent deep discharges without deterioration.<\/li>\n<li data-sourcepos=\"31:1-31:100\"><strong>Maintenance free:<\/strong> AGM batteries do not need to be filled with water and do not emit harmful gases.<\/li>\n<li data-sourcepos=\"32:1-32:159\"><strong>Increased security:<\/strong> AGM batteries are safer than traditional lead-acid batteries because they are less likely to leak or explode.<\/li>\n<li data-sourcepos=\"33:1-34:0\"><strong>Improved performance:<\/strong> AGM batteries offer better low temperature performance and better starting capability than traditional lead-acid batteries.<\/li>\n<\/ul>","protected":false},"excerpt":{"rendered":"<p>The AGM lead battery is sealed, maintenance-free and withstands current peaks as the GEL battery but its life span is shorter. It is suitable for small, non-sensitive applications.<\/p>","protected":false},"featured_media":1813,"template":"","meta":{"_acf_changed":false},"product_brand":[],"product_cat":[67,68,48,46,23],"product_tag":[],"class_list":{"0":"post-2415","1":"product","2":"type-product","3":"status-publish","4":"has-post-thumbnail","6":"product_cat-agm","7":"product_cat-agm-stockage","8":"product_cat-batteries","9":"product_cat-stockage","10":"product_cat-utilitaires-vans","12":"first","13":"instock","14":"taxable","15":"shipping-taxable","16":"purchasable","17":"product-type-simple"},"acf":[],"_links":{"self":[{"href":"https:\/\/evb-france.com\/en\/wp-json\/wp\/v2\/product\/2415","targetHints":{"allow":["GET"]}}],"collection":[{"href":"https:\/\/evb-france.com\/en\/wp-json\/wp\/v2\/product"}],"about":[{"href":"https:\/\/evb-france.com\/en\/wp-json\/wp\/v2\/types\/product"}],"version-history":[{"count":1,"href":"https:\/\/evb-france.com\/en\/wp-json\/wp\/v2\/product\/2415\/revisions"}],"predecessor-version":[{"id":2445,"href":"https:\/\/evb-france.com\/en\/wp-json\/wp\/v2\/product\/2415\/revisions\/2445"}],"wp:featuredmedia":[{"embeddable":true,"href":"https:\/\/evb-france.com\/en\/wp-json\/wp\/v2\/media\/1813"}],"wp:attachment":[{"href":"https:\/\/evb-france.com\/en\/wp-json\/wp\/v2\/media?parent=2415"}],"wp:term":[{"taxonomy":"product_brand","embeddable":true,"href":"https:\/\/evb-france.com\/en\/wp-json\/wp\/v2\/product_brand?post=2415"},{"taxonomy":"product_cat","embeddable":true,"href":"https:\/\/evb-france.com\/en\/wp-json\/wp\/v2\/product_cat?post=2415"},{"taxonomy":"product_tag","embeddable":true,"href":"https:\/\/evb-france.com\/en\/wp-json\/wp\/v2\/product_tag?post=2415"}],"curies":[{"name":"wp","href":"https:\/\/api.w.org\/{rel}","templated":true}]}}