{"id":2400,"date":"2025-01-27T15:19:15","date_gmt":"2025-01-27T15:19:15","guid":{"rendered":"https:\/\/evb-france.com\/?post_type=product&#038;p=2400"},"modified":"2025-01-27T15:19:22","modified_gmt":"2025-01-27T15:19:22","slug":"phoenix-inverter-12-2000-smart","status":"publish","type":"product","link":"https:\/\/evb-france.com\/en\/product\/phoenix-inverter-12-2000-smart\/","title":{"rendered":"Phoenix Inverter 12\/2000 Smart"},"content":{"rendered":"<p data-sourcepos=\"5:1-5:34\"><strong>Featuring a pure sine wave<\/strong>, the Phoenix 12\/2000 Smart guarantees a power supply <strong>safe and harmless<\/strong> for your sensitive electronic devices, <strong>avoiding damage<\/strong> and malfunctions. Its power of 2000 VA continuous and 4000 VA peak <strong>supports<\/strong> easily power your devices, even those with high startup needs.<\/p>\n<p data-sourcepos=\"7:1-7:46\"><strong>Intelligence at the heart of your diet<\/strong><\/p>\n<p data-sourcepos=\"9:1-9:24\">The Phoenix 12\/2000 Smart stands out for its smart features:<\/p>\n<ul data-sourcepos=\"11:1-15:0\">\n<li data-sourcepos=\"11:1-11:178\"><strong>Remote control via Bluetooth:<\/strong> Manage and monitor your inverter remotely from your smartphone, tablet or compatible device via the VictronConnect app.<\/li>\n<li data-sourcepos=\"12:1-12:119\"><strong>Eco mode:<\/strong> Save energy by activating Eco mode which puts the inverter into standby mode when not in use.<\/li>\n<li data-sourcepos=\"13:1-13:132\"><strong>Power Assist Mode:<\/strong> Combine power from the converter with an external AC source for even more flexible power.<\/li>\n<li data-sourcepos=\"14:1-15:0\"><strong>VE.Direct Network<\/strong> (cable sold separately): Connect to other Victron Energy devices, such as the Color Control GX, for advanced monitoring and control.<\/li>\n<\/ul>\n<p>Here are the technical characteristics of the Phoenix Inverter 12\/2000 Smart:<\/p>\n<table dir=\"ltr\" style=\"height: 431px;\" border=\"1\" width=\"710\" cellspacing=\"0\" cellpadding=\"0\" data-sheets-root=\"1\">\n<colgroup>\n<col width=\"326\" \/>\n<col width=\"446\" \/><\/colgroup>\n<tbody>\n<tr>\n<td data-sheets-value=\"{&quot;1&quot;:2,&quot;2&quot;:&quot;Puissance de sortie continue \u00e0 25 \u00b0C (non lin\u00e9aire)&quot;}\">Continuous output power at 25\u00b0C (non-linear)<\/td>\n<td data-sheets-value=\"{&quot;1&quot;:2,&quot;2&quot;:&quot;2000VA&quot;}\">2000VA<\/td>\n<\/tr>\n<tr>\n<td data-sheets-value=\"{&quot;1&quot;:2,&quot;2&quot;:&quot;Puissance de sortie continue \u00e0 65 \u00b0C&quot;}\">Continuous output power at 65\u00b0C<\/td>\n<td data-sheets-value=\"{&quot;1&quot;:2,&quot;2&quot;:&quot;1000 W&quot;}\">1000 W<\/td>\n<\/tr>\n<tr>\n<td data-sheets-value=\"{&quot;1&quot;:2,&quot;2&quot;:&quot;Puissance de cr\u00eate&quot;}\">Peak power<\/td>\n<td data-sheets-value=\"{&quot;1&quot;:2,&quot;2&quot;:&quot;4000 W&quot;}\">4000 W<\/td>\n<\/tr>\n<tr>\n<td data-sheets-value=\"{&quot;1&quot;:2,&quot;2&quot;:&quot;Tension\/fr\u00e9quence AC de sortie (r\u00e9glable)&quot;}\">Output AC voltage\/frequency (adjustable)<\/td>\n<td data-sheets-value=\"{&quot;1&quot;:2,&quot;2&quot;:&quot;230VAC ou 120VAC +\/- 3% 50Hz ou 60Hz +\/- 0.1%&quot;}\">230VAC or 120VAC +\/- 3% 50Hz or 60Hz +\/- 0.1%<\/td>\n<\/tr>\n<tr>\n<td data-sheets-value=\"{&quot;1&quot;:2,&quot;2&quot;:&quot;Plage de tension d'entr\u00e9e&quot;}\">Input voltage range<\/td>\n<td data-sheets-value=\"{&quot;1&quot;:2,&quot;2&quot;:&quot;18.6 - 34V&quot;}\">18.6 \u2013 34V<\/td>\n<\/tr>\n<tr>\n<td data-sheets-value=\"{&quot;1&quot;:2,&quot;2&quot;:&quot;Arr\u00eat DC bas dynamique (d\u00e9pendant de la charge) (enti\u00e8rement configurable)&quot;}\">Dynamic Low DC Shutdown (load dependent) (fully configurable)<\/td>\n<td data-sheets-value=\"{&quot;1&quot;:2,&quot;2&quot;:&quot;Coupure dynamique&quot;}\">Dynamic cutoff<\/td>\n<\/tr>\n<tr>\n<td data-sheets-value=\"{&quot;1&quot;:2,&quot;2&quot;:&quot;Max. efficacit\u00e9&quot;}\">Max. efficiency<\/td>\n<td data-sheets-value=\"{&quot;1&quot;:2,&quot;2&quot;:&quot;92 %&quot;}\">92 %<\/td>\n<\/tr>\n<tr>\n<td data-sheets-value=\"{&quot;1&quot;:2,&quot;2&quot;:&quot;Alimentation de charge nulle&quot;}\">Zero load power supply<\/td>\n<td data-sheets-value=\"{&quot;1&quot;:2,&quot;2&quot;:&quot;8W&quot;}\">8W<\/td>\n<\/tr>\n<tr>\n<td data-sheets-value=\"{&quot;1&quot;:2,&quot;2&quot;:&quot;Aucune puissance de charge en mode ECO&quot;}\">No charging power in ECO mode<\/td>\n<td data-sheets-value=\"{&quot;1&quot;:2,&quot;2&quot;:&quot;0,6 W&quot;}\">0.6 W<\/td>\n<\/tr>\n<tr>\n<td data-sheets-value=\"{&quot;1&quot;:2,&quot;2&quot;:&quot;Protection *&quot;}\">Protection *<\/td>\n<td data-sheets-value=\"{&quot;1&quot;:2,&quot;2&quot;:&quot;a-g&quot;}\">ag<\/td>\n<\/tr>\n<tr>\n<td data-sheets-value=\"{&quot;1&quot;:2,&quot;2&quot;:&quot;Plage de temp\u00e9rature de fonctionnement&quot;}\">Operating temperature range<\/td>\n<td data-sheets-value=\"{&quot;1&quot;:2,&quot;2&quot;:&quot;40 \u00e0 +65 \u00b0C (refroidissement assist\u00e9 par ventilateur) 1,25 % de d\u00e9classement par \u00b0C au-dessus de 40 \u00b0C&quot;}\">40 to +65\u00b0C (fan assisted cooling) 1.25 % derating per \u00b0C above 40\u00b0C<\/td>\n<\/tr>\n<tr>\n<td data-sheets-value=\"{&quot;1&quot;:2,&quot;2&quot;:&quot;Humidit\u00e9 (sans condensation)&quot;}\">Humidity (non-condensing)<\/td>\n<td data-sheets-value=\"{&quot;1&quot;:2,&quot;2&quot;:&quot;maximum 95 %&quot;}\">maximum 95 %<\/td>\n<\/tr>\n<tr>\n<td data-sheets-value=\"{&quot;1&quot;:2,&quot;2&quot;:&quot;Relais programmable&quot;}\">Programmable relay<\/td>\n<td data-sheets-value=\"{&quot;1&quot;:2,&quot;2&quot;:&quot;Oui&quot;}\">Yes<\/td>\n<\/tr>\n<tr>\n<td data-sheets-value=\"{&quot;1&quot;:2,&quot;2&quot;:&quot;Connexion de la batterie&quot;}\">Battery connection<\/td>\n<td data-sheets-value=\"{&quot;1&quot;:2,&quot;2&quot;:&quot;Boulons M8&quot;}\">M8 bolts<\/td>\n<\/tr>\n<tr>\n<td data-sheets-value=\"{&quot;1&quot;:2,&quot;2&quot;:&quot;Connexion 230 V AC&quot;}\">230 V AC connection<\/td>\n<td data-sheets-value=\"{&quot;1&quot;:2,&quot;2&quot;:&quot;Bornes \u00e0 vis&quot;}\">Screw terminals<\/td>\n<\/tr>\n<\/tbody>\n<\/table>\n<h4>Victron accessories (not included in the product)<\/h4>\n<ul>\n<li>Victron VE.Direct to USB interface cable<\/li>\n<li>Victron VE.Direct Bluetooth Smart Dongle<\/li>\n<li>Victron BMV Battery Monitor<\/li>\n<\/ul>","protected":false},"excerpt":{"rendered":"<p>The VICTRON Phoenix 12V \/ 2000 Smart Inverter features Bluetooth and is easy to set up, it offers a pure sine wave, high peak power, integrated low voltage protection. If you are looking for a reliable and efficient inverter for your laptops, TVs, audio systems, power tools and much more<\/p>","protected":false},"featured_media":1837,"template":"","meta":{"_acf_changed":false},"product_brand":[],"product_cat":[49,50,51,123,125,127],"product_tag":[60],"class_list":{"0":"post-2400","1":"product","2":"type-product","3":"status-publish","4":"has-post-thumbnail","6":"product_cat-conversion","7":"product_cat-conversion-energie","8":"product_cat-conversion-bateaux","9":"product_cat-convertisseur","10":"product_cat-convertisseur-conversion-energie","11":"product_cat-convertisseur-conversion","12":"product_tag-bluetooth","14":"first","15":"instock","16":"taxable","17":"shipping-taxable","18":"purchasable","19":"product-type-simple"},"acf":[],"_links":{"self":[{"href":"https:\/\/evb-france.com\/en\/wp-json\/wp\/v2\/product\/2400","targetHints":{"allow":["GET"]}}],"collection":[{"href":"https:\/\/evb-france.com\/en\/wp-json\/wp\/v2\/product"}],"about":[{"href":"https:\/\/evb-france.com\/en\/wp-json\/wp\/v2\/types\/product"}],"version-history":[{"count":1,"href":"https:\/\/evb-france.com\/en\/wp-json\/wp\/v2\/product\/2400\/revisions"}],"predecessor-version":[{"id":2430,"href":"https:\/\/evb-france.com\/en\/wp-json\/wp\/v2\/product\/2400\/revisions\/2430"}],"wp:featuredmedia":[{"embeddable":true,"href":"https:\/\/evb-france.com\/en\/wp-json\/wp\/v2\/media\/1837"}],"wp:attachment":[{"href":"https:\/\/evb-france.com\/en\/wp-json\/wp\/v2\/media?parent=2400"}],"wp:term":[{"taxonomy":"product_brand","embeddable":true,"href":"https:\/\/evb-france.com\/en\/wp-json\/wp\/v2\/product_brand?post=2400"},{"taxonomy":"product_cat","embeddable":true,"href":"https:\/\/evb-france.com\/en\/wp-json\/wp\/v2\/product_cat?post=2400"},{"taxonomy":"product_tag","embeddable":true,"href":"https:\/\/evb-france.com\/en\/wp-json\/wp\/v2\/product_tag?post=2400"}],"curies":[{"name":"wp","href":"https:\/\/api.w.org\/{rel}","templated":true}]}}