{"id":2396,"date":"2025-01-27T15:19:15","date_gmt":"2025-01-27T15:19:15","guid":{"rendered":"https:\/\/evb-france.com\/?post_type=product&#038;p=2396"},"modified":"2025-01-27T15:19:20","modified_gmt":"2025-01-27T15:19:20","slug":"phoenix-12-250-ve-direct-schuko","status":"publish","type":"product","link":"https:\/\/evb-france.com\/en\/product\/phoenix-12-250-ve-direct-schuko\/","title":{"rendered":"Phoenix 12\/250 VE.Direct Schuko"},"content":{"rendered":"<h3>Technical characteristics:<\/h3>\n<table dir=\"ltr\" border=\"1\" cellspacing=\"0\" cellpadding=\"0\" data-sheets-root=\"1\">\n<colgroup>\n<col width=\"525\" \/>\n<col width=\"687\" \/><\/colgroup>\n<tbody>\n<tr>\n<td colspan=\"2\" rowspan=\"1\" data-sheets-value=\"{&quot;1&quot;:2,&quot;2&quot;:&quot; CONVERTISSEUR PHOENIX 12V \/ 250VA&quot;}\" data-sheets-textstyleruns=\"{&quot;1&quot;:0}\uee10{&quot;1&quot;:93,&quot;2&quot;:{&quot;5&quot;:1}}\">\u00a0 \u00a0 \u00a0 \u00a0 \u00a0 \u00a0 \u00a0 \u00a0 \u00a0 \u00a0 \u00a0 \u00a0 \u00a0 \u00a0 \u00a0 \u00a0 \u00a0 \u00a0 \u00a0 \u00a0 \u00a0 \u00a0 \u00a0 \u00a0 \u00a0 \u00a0 \u00a0 \u00a0 \u00a0 \u00a0 \u00a0 \u00a0 <strong>\u00a0 \u00a0 \u00a0 \u00a0 \u00a0 \u00a0 \u00a0 \u00a0 \u00a0 \u00a0 \u00a0 \u00a0 \u00a0 \u00a0 \u00a0 \u00a0 \u00a0 PHOENIX CONVERTER 12V \/ 250VA<\/strong><\/td>\n<\/tr>\n<tr>\n<td style=\"text-align: left;\" data-sheets-value=\"{&quot;1&quot;:2,&quot;2&quot;:&quot;Puissance continue \u00e0 25\u00b0C&quot;}\">Continuous power at 25\u00b0C<\/td>\n<td data-sheets-value=\"{&quot;1&quot;:2,&quot;2&quot;:&quot;250 VA&quot;}\">\u00a0250 VA<\/td>\n<\/tr>\n<tr>\n<td data-sheets-value=\"{&quot;1&quot;:2,&quot;2&quot;:&quot;Puissance continue \u00e0 25\u00b0C \/ 40\u00b0C&quot;}\">Continuous power at 25\u00b0C \/ 40\u00b0C<\/td>\n<td style=\"text-align: left;\" data-sheets-value=\"{&quot;1&quot;:2,&quot;2&quot;:&quot;200 \/ 150 W&quot;}\">\u00a0200 \/ 150 W<\/td>\n<\/tr>\n<tr>\n<td data-sheets-value=\"{&quot;1&quot;:2,&quot;2&quot;:&quot;Puissance de cr\u00eate&quot;}\">Peak power<\/td>\n<td style=\"text-align: left;\" data-sheets-value=\"{&quot;1&quot;:2,&quot;2&quot;:&quot;350 W&quot;}\">\u00a0350 W<\/td>\n<\/tr>\n<tr>\n<td data-sheets-value=\"{&quot;1&quot;:2,&quot;2&quot;:&quot;Fr\u00e9quence \/ Tension de sortie AC (r\u00e9glable)&quot;}\">AC output frequency \/ voltage (adjustable)<\/td>\n<td style=\"text-align: left;\" data-sheets-value=\"{&quot;1&quot;:2,&quot;2&quot;:&quot;230 Vac +\/- 3% - 50 Hz ou 60 Hz +\/- 1%&quot;}\">230 Vac +\/- 3% \u2013 50 Hz or 60 Hz +\/- 1%<\/td>\n<\/tr>\n<tr>\n<td data-sheets-value=\"{&quot;1&quot;:2,&quot;2&quot;:&quot;Plage de tension d'alimentation&quot;}\">Supply voltage range<\/td>\n<td style=\"text-align: left;\" data-sheets-value=\"{&quot;1&quot;:2,&quot;2&quot;:&quot;9.2 \u00e0 17 V&quot;}\">9.2 to 17 V<\/td>\n<\/tr>\n<tr>\n<td data-sheets-value=\"{&quot;1&quot;:2,&quot;2&quot;:&quot;Arr\u00eat tension CC basse (r\u00e9glable)&quot;}\">Low DC voltage shutdown (adjustable)<\/td>\n<td style=\"text-align: left;\" data-sheets-value=\"{&quot;1&quot;:2,&quot;2&quot;:&quot;9.3 V&quot;}\">9.3 V<\/td>\n<\/tr>\n<tr>\n<td data-sheets-value=\"{&quot;1&quot;:2,&quot;2&quot;:&quot;Alarme et red\u00e9marrage tension CC basse (r\u00e9glable)&quot;}\">Low DC voltage alarm and restart (adjustable)<\/td>\n<td style=\"text-align: left;\" data-sheets-value=\"{&quot;1&quot;:2,&quot;2&quot;:&quot;10.9 V&quot;}\">10.9 V<\/td>\n<\/tr>\n<tr>\n<td data-sheets-value=\"{&quot;1&quot;:2,&quot;2&quot;:&quot;D\u00e9tection de batterie charg\u00e9e (r\u00e9glable)&quot;}\">Charged battery detection (adjustable)<\/td>\n<td style=\"text-align: left;\" data-sheets-value=\"{&quot;1&quot;:2,&quot;2&quot;:&quot;14 V&quot;}\">14 V<\/td>\n<\/tr>\n<tr>\n<td data-sheets-value=\"{&quot;1&quot;:2,&quot;2&quot;:&quot;Rendement&quot;}\">Yield<\/td>\n<td style=\"text-align: left;\" data-sheets-value=\"{&quot;1&quot;:2,&quot;2&quot;:&quot;87 %&quot;}\">87 %<\/td>\n<\/tr>\n<tr>\n<td data-sheets-value=\"{&quot;1&quot;:2,&quot;2&quot;:&quot;Consommation \u00e0 vide&quot;}\">No-load consumption<\/td>\n<td style=\"text-align: left;\" data-sheets-value=\"{&quot;1&quot;:2,&quot;2&quot;:&quot;4.2 W&quot;}\">4.2 W<\/td>\n<\/tr>\n<tr>\n<td data-sheets-value=\"{&quot;1&quot;:2,&quot;2&quot;:&quot;Consommation \u00e0 vide en mode ECO avec intervalle de 2.5s (r\u00e9glable)&quot;}\">No-load consumption in ECO mode with 2.5s interval (adjustable)<\/td>\n<td style=\"text-align: left;\" data-sheets-value=\"{&quot;1&quot;:2,&quot;2&quot;:&quot;0.8 W&quot;}\">0.8 W<\/td>\n<\/tr>\n<tr>\n<td data-sheets-value=\"{&quot;1&quot;:2,&quot;2&quot;:&quot;Param\u00e8tre de d\u00e9marrage et arr\u00eat en mode ECO&quot;}\">ECO mode start and stop setting<\/td>\n<td style=\"text-align: left;\" data-sheets-value=\"{&quot;1&quot;:2,&quot;2&quot;:&quot;r\u00e9glable&quot;}\">adjustable<\/td>\n<\/tr>\n<tr>\n<td data-sheets-value=\"{&quot;1&quot;:2,&quot;2&quot;:&quot;Protections&quot;}\">Protections<\/td>\n<td style=\"text-align: left;\" data-sheets-value=\"{&quot;1&quot;:2,&quot;2&quot;:&quot;court-circuit, surcharge, tension batterie \u00e9lev\u00e9e et faible, temp\u00e9rature \u00e9lev\u00e9e, ondulation CC \u00e9lev\u00e9e&quot;}\">short circuit, overload, high and low battery voltage, high temperature, high DC ripple<\/td>\n<\/tr>\n<tr>\n<td data-sheets-value=\"{&quot;1&quot;:2,&quot;2&quot;:&quot;Plage de temp\u00e9rature&quot;}\">Temperature range<\/td>\n<td style=\"text-align: left;\" data-sheets-value=\"{&quot;1&quot;:2,&quot;2&quot;:&quot;-40\u00b0C \u00e0 +60\u00b0C (refroidissement par ventilateur) r\u00e9duction 3% par \u00b0C au dessus de 40\u00b0C&quot;}\">-40\u00b0C to +60\u00b0C (fan cooling) reduction 3% per \u00b0C above 40\u00b0C<\/td>\n<\/tr>\n<tr>\n<td data-sheets-value=\"{&quot;1&quot;:2,&quot;2&quot;:&quot;Humidit\u00e9 (sans condensation)&quot;}\">Humidity (non-condensing)<\/td>\n<td style=\"text-align: left;\" data-sheets-value=\"{&quot;1&quot;:2,&quot;2&quot;:&quot;95% max&quot;}\">95% max<\/td>\n<\/tr>\n<tr>\n<td colspan=\"2\" rowspan=\"1\" data-sheets-value=\"{&quot;1&quot;:2,&quot;2&quot;:&quot; BOITIER&quot;}\">\u00a0 \u00a0 \u00a0 \u00a0 \u00a0 \u00a0 \u00a0 \u00a0 \u00a0 \u00a0 \u00a0\u00a0<strong>\u00a0 \u00a0 \u00a0 \u00a0 \u00a0 \u00a0 \u00a0 \u00a0 \u00a0 \u00a0 \u00a0 \u00a0 \u00a0 \u00a0 \u00a0 \u00a0 \u00a0 \u00a0 \u00a0 \u00a0 \u00a0 \u00a0 \u00a0 \u00a0 \u00a0 \u00a0 \u00a0 \u00a0 \u00a0 \u00a0 \u00a0 \u00a0 \u00a0 \u00a0 \u00a0 \u00a0 \u00a0 \u00a0 \u00a0 \u00a0 \u00a0 \u00a0 \u00a0 \u00a0 \u00a0 \u00a0 \u00a0 \u00a0 \u00a0 \u00a0 \u00a0 \u00a0 HOUSING<\/strong><\/td>\n<\/tr>\n<tr>\n<td data-sheets-value=\"{&quot;1&quot;:2,&quot;2&quot;:&quot;Mat\u00e9riaux et couleur&quot;}\">Materials and color<\/td>\n<td style=\"text-align: left;\" data-sheets-value=\"{&quot;1&quot;:2,&quot;2&quot;:&quot;ch\u00e2ssis en acier et enveloppe en plastique bleu RAL 5012&quot;}\">Steel frame and blue plastic casing RAL 5012<\/td>\n<\/tr>\n<tr>\n<td data-sheets-value=\"{&quot;1&quot;:2,&quot;2&quot;:&quot;Raccordement batterie&quot;}\">Battery connection<\/td>\n<td style=\"text-align: left;\" data-sheets-value=\"{&quot;1&quot;:2,&quot;2&quot;:&quot;Bornes \u00e0 vis&quot;}\">Screw terminals<\/td>\n<\/tr>\n<tr>\n<td data-sheets-value=\"{&quot;1&quot;:2,&quot;2&quot;:&quot;Section de c\u00e2ble max&quot;}\">Max cable section<\/td>\n<td style=\"text-align: left;\" data-sheets-value=\"{&quot;1&quot;:2,&quot;2&quot;:&quot;10 mm\u00b2&quot;}\">10 mm\u00b2<\/td>\n<\/tr>\n<tr>\n<td data-sheets-value=\"{&quot;1&quot;:2,&quot;2&quot;:&quot;Prises CA standard&quot;}\">Standard AC outlets<\/td>\n<td style=\"text-align: left;\" data-sheets-value=\"{&quot;1&quot;:2,&quot;2&quot;:&quot;Schuko (CEE 7\/4), IEC-320 (prise m\u00e2le inclus)\\nUK (BS 1363), AU\/NZ (AS\/NZS 3112)&quot;}\">Schuko (CEE 7\/4), IEC-320 (male plug included)<\/p>\n<p>UK (BS 1363), AU\/NZ (AS\/NZS 3112)<\/td>\n<\/tr>\n<tr>\n<td data-sheets-value=\"{&quot;1&quot;:2,&quot;2&quot;:&quot;Indice de protection&quot;}\">Protection index<\/td>\n<td style=\"text-align: left;\" data-sheets-value=\"{&quot;1&quot;:2,&quot;2&quot;:&quot;IP21&quot;}\">IP21<\/td>\n<\/tr>\n<tr>\n<td data-sheets-value=\"{&quot;1&quot;:2,&quot;2&quot;:&quot;Poids&quot;}\">Weight<\/td>\n<td style=\"text-align: left;\" data-sheets-value=\"{&quot;1&quot;:2,&quot;2&quot;:&quot;2.4 kg&quot;}\">2.4 kg<\/td>\n<\/tr>\n<tr>\n<td data-sheets-value=\"{&quot;1&quot;:2,&quot;2&quot;:&quot;Dimensions (H x L x P)&quot;}\">Dimensions (H x W x D)<\/td>\n<td style=\"text-align: left;\" data-sheets-value=\"{&quot;1&quot;:2,&quot;2&quot;:&quot;86 x 165 x 260 mm&quot;}\">86 x 165 x 260 mm<\/td>\n<\/tr>\n<tr>\n<td colspan=\"2\" rowspan=\"1\" data-sheets-value=\"{&quot;1&quot;:2,&quot;2&quot;:&quot; ACCESSOIRES&quot;}\">\u00a0 \u00a0 \u00a0 \u00a0 \u00a0 \u00a0 \u00a0 \u00a0 \u00a0 \u00a0 \u00a0 \u00a0 \u00a0 \u00a0 \u00a0 \u00a0 \u00a0 \u00a0 \u00a0 \u00a0 \u00a0 \u00a0 \u00a0 \u00a0 \u00a0 \u00a0 \u00a0 \u00a0 \u00a0 \u00a0 \u00a0 \u00a0 \u00a0 \u00a0 \u00a0 \u00a0 \u00a0 \u00a0 \u00a0 \u00a0 \u00a0 \u00a0 \u00a0 \u00a0 \u00a0 \u00a0 \u00a0 \u00a0 \u00a0 \u00a0 \u00a0 \u00a0 \u00a0 \u00a0 \u00a0 \u00a0 \u00a0 \u00a0 \u00a0<strong> ACCESSORIES<\/strong><\/td>\n<\/tr>\n<tr>\n<td data-sheets-value=\"{&quot;1&quot;:2,&quot;2&quot;:&quot;Interrupteur on\/off \u00e0 distance&quot;}\">Remote on\/off switch<\/td>\n<td style=\"text-align: left;\" data-sheets-value=\"{&quot;1&quot;:2,&quot;2&quot;:&quot;oui&quot;}\">Yes<\/td>\n<\/tr>\n<tr>\n<td data-sheets-value=\"{&quot;1&quot;:2,&quot;2&quot;:&quot;Commutateur de transfert automatique&quot;}\">Automatic transfer switch<\/td>\n<td style=\"text-align: left;\" data-sheets-value=\"{&quot;1&quot;:2,&quot;2&quot;:&quot;Filax&quot;}\">Filax<\/td>\n<\/tr>\n<tr>\n<td colspan=\"2\" rowspan=\"1\" data-sheets-value=\"{&quot;1&quot;:2,&quot;2&quot;:&quot; NORMES&quot;}\"><strong>\u00a0 \u00a0 \u00a0 \u00a0 \u00a0 \u00a0 \u00a0 \u00a0 \u00a0 \u00a0 \u00a0 \u00a0 \u00a0 \u00a0 \u00a0 \u00a0 \u00a0 \u00a0 \u00a0 \u00a0 \u00a0 \u00a0 \u00a0 \u00a0 \u00a0 \u00a0 \u00a0 \u00a0 \u00a0 \u00a0 \u00a0 \u00a0 \u00a0 \u00a0 \u00a0 \u00a0 \u00a0 \u00a0 \u00a0 \u00a0 \u00a0 \u00a0 \u00a0 \u00a0 \u00a0 \u00a0 \u00a0 \u00a0 \u00a0 \u00a0 \u00a0 \u00a0 \u00a0 \u00a0 \u00a0 \u00a0 \u00a0 \u00a0 \u00a0 \u00a0 \u00a0 STANDARDS<\/strong><\/td>\n<\/tr>\n<tr>\n<td data-sheets-value=\"{&quot;1&quot;:2,&quot;2&quot;:&quot;S\u00e9curit\u00e9&quot;}\">Security<\/td>\n<td style=\"text-align: left;\" data-sheets-value=\"{&quot;1&quot;:2,&quot;2&quot;:&quot;EN\/IEC60335-1 EN\/IEC62109-1&quot;}\">EN\/IEC60335-1 EN\/IEC62109-1<\/td>\n<\/tr>\n<tr>\n<td data-sheets-value=\"{&quot;1&quot;:2,&quot;2&quot;:&quot;EMC&quot;}\">EMC<\/td>\n<td style=\"text-align: left;\" data-sheets-value=\"{&quot;1&quot;:2,&quot;2&quot;:&quot;EN55014-1 EN55014-2 IEC61000-6-1 IEC61000-6-3&quot;}\">EN55014-1 EN55014-2 IEC61000-6-1 IEC61000-6-3<\/td>\n<\/tr>\n<tr>\n<td data-sheets-value=\"{&quot;1&quot;:2,&quot;2&quot;:&quot;Directive sur l'automobile&quot;}\">Automotive Directive<\/td>\n<td style=\"text-align: left;\" data-sheets-value=\"{&quot;1&quot;:2,&quot;2&quot;:&quot;2004\/104\/EC EN50498&quot;}\">2004\/104\/EC EN50498<\/td>\n<\/tr>\n<\/tbody>\n<\/table>\n<h3 style=\"text-align: left;\">VE.Direct communication port<\/h3>\n<p>The VE.Direct port can be connected to:<\/p>\n<ul>\n<li>A computer with the VE.Direct &gt; USB interface cable (RG1060277)<\/li>\n<li>Apple and Android smartphones, tablets, Macbooks and other devices with the Bluetooth Smart dongle (RG1060280)<\/li>\n<\/ul>\n<p><span style=\"color: #3366ff;\"><strong><em>Fully configurable:<\/em><\/strong><\/span><\/p>\n<ul>\n<li>Reset levels and alarm triggering in case of low battery voltage<\/li>\n<li>Low Battery Voltage Restart and Shutdown Levels<\/li>\n<li>Output voltage from 210V to 245V<\/li>\n<li>Output frequency 50Hz or 60 Hz<\/li>\n<li>ECO mode detection level and ECO mode on\/off<\/li>\n<\/ul>\n<p><span style=\"color: #3366ff;\"><strong><em>Monitoring :<\/em><\/strong><\/span><\/p>\n<ul>\n<li>Current and voltage alarms, input and output<\/li>\n<\/ul>","protected":false},"excerpt":{"rendered":"<p>The VICTRON Phoenix 12V \/ 250VA inverter with VE.Direct connection and Schuko socket on the front, offers a pure sine wave, high peak power, integrated low voltage protection. It also has VE.Direct connectivity for setting and control. If you are looking for a reliable and efficient inverter for your low consumption devices, the VICTRON Phoenix 12V \/ 250VA is an excellent option.<\/p>","protected":false},"featured_media":1840,"template":"","meta":{"_acf_changed":false},"product_brand":[],"product_cat":[49,50,51,123,125,127],"product_tag":[60],"class_list":{"0":"post-2396","1":"product","2":"type-product","3":"status-publish","4":"has-post-thumbnail","6":"product_cat-conversion","7":"product_cat-conversion-energie","8":"product_cat-conversion-bateaux","9":"product_cat-convertisseur","10":"product_cat-convertisseur-conversion-energie","11":"product_cat-convertisseur-conversion","12":"product_tag-bluetooth","14":"first","15":"instock","16":"taxable","17":"shipping-taxable","18":"purchasable","19":"product-type-simple"},"acf":[],"_links":{"self":[{"href":"https:\/\/evb-france.com\/en\/wp-json\/wp\/v2\/product\/2396","targetHints":{"allow":["GET"]}}],"collection":[{"href":"https:\/\/evb-france.com\/en\/wp-json\/wp\/v2\/product"}],"about":[{"href":"https:\/\/evb-france.com\/en\/wp-json\/wp\/v2\/types\/product"}],"version-history":[{"count":1,"href":"https:\/\/evb-france.com\/en\/wp-json\/wp\/v2\/product\/2396\/revisions"}],"predecessor-version":[{"id":2426,"href":"https:\/\/evb-france.com\/en\/wp-json\/wp\/v2\/product\/2396\/revisions\/2426"}],"wp:featuredmedia":[{"embeddable":true,"href":"https:\/\/evb-france.com\/en\/wp-json\/wp\/v2\/media\/1840"}],"wp:attachment":[{"href":"https:\/\/evb-france.com\/en\/wp-json\/wp\/v2\/media?parent=2396"}],"wp:term":[{"taxonomy":"product_brand","embeddable":true,"href":"https:\/\/evb-france.com\/en\/wp-json\/wp\/v2\/product_brand?post=2396"},{"taxonomy":"product_cat","embeddable":true,"href":"https:\/\/evb-france.com\/en\/wp-json\/wp\/v2\/product_cat?post=2396"},{"taxonomy":"product_tag","embeddable":true,"href":"https:\/\/evb-france.com\/en\/wp-json\/wp\/v2\/product_tag?post=2396"}],"curies":[{"name":"wp","href":"https:\/\/api.w.org\/{rel}","templated":true}]}}