{"id":17,"date":"2023-06-09T12:23:16","date_gmt":"2023-06-09T12:23:16","guid":{"rendered":"https:\/\/dummy.xtemos.com\/woodmart2\/plants-elementor\/?page_id=17"},"modified":"2024-07-16T06:50:24","modified_gmt":"2024-07-16T06:50:24","slug":"a-propos","status":"publish","type":"page","link":"https:\/\/evb-france.com\/en\/a-propos\/","title":{"rendered":"About"},"content":{"rendered":"<div data-elementor-type=\"wp-page\" data-elementor-id=\"17\" class=\"elementor elementor-17\" data-elementor-post-type=\"page\">\n\t\t\t\t<div class=\"elementor-element elementor-element-8eb4b19 e-flex e-con-boxed e-con e-parent\" data-id=\"8eb4b19\" data-element_type=\"container\" data-e-type=\"container\">\n\t\t\t\t\t<div class=\"e-con-inner\">\n\t\t\t\t<div class=\"elementor-element elementor-element-9aca0de wd-width-100 elementor-widget elementor-widget-wd_title\" data-id=\"9aca0de\" data-element_type=\"widget\" data-e-type=\"widget\" data-widget_type=\"wd_title.default\">\n\t\t\t\t<div class=\"elementor-widget-container\">\n\t\t\t\t\t\t\t<div class=\"title-wrapper set-mb-s reset-last-child wd-title-color-default wd-title-style-default wd-title-size-default text-left\">\n\n\t\t\t\n\t\t\t<div class=\"liner-continer\">\n\t\t\t\t<h4 class=\"woodmart-title-container title wd-fontsize-l\">Experience and Proximity<\/h4> \n\t\t\t\t\t\t\t<\/div>\n\n\t\t\t\t\t<\/div>\n\t\t\t\t\t\t<\/div>\n\t\t\t\t<\/div>\n\t\t\t\t\t<\/div>\n\t\t\t\t<\/div>\n\t\t<div class=\"elementor-element elementor-element-a3f4394 e-flex e-con-boxed e-con e-parent\" data-id=\"a3f4394\" data-element_type=\"container\" data-e-type=\"container\">\n\t\t\t\t\t<div class=\"e-con-inner\">\n\t\t<div class=\"elementor-element elementor-element-7144609 e-con-full e-flex e-con e-child\" data-id=\"7144609\" data-element_type=\"container\" data-e-type=\"container\">\n\t\t\t\t<div class=\"elementor-element elementor-element-0d47e9b wd-width-100 elementor-widget elementor-widget-wd_title\" data-id=\"0d47e9b\" data-element_type=\"widget\" data-e-type=\"widget\" data-widget_type=\"wd_title.default\">\n\t\t\t\t<div class=\"elementor-widget-container\">\n\t\t\t\t\t\t\t<div class=\"title-wrapper set-mb-s reset-last-child wd-title-color-default wd-title-style-default wd-title-size-default text-left\">\n\n\t\t\t\n\t\t\t<div class=\"liner-continer\">\n\t\t\t\t<h4 class=\"woodmart-title-container title wd-fontsize-l\">Let&#039;s talk a little about your team...<\/h4> \n\t\t\t\t\t\t\t<\/div>\n\n\t\t\t\t\t<\/div>\n\t\t\t\t\t\t<\/div>\n\t\t\t\t<\/div>\n\t\t\t\t<div class=\"elementor-element elementor-element-04f43af elementor-widget elementor-widget-wd_text_block\" data-id=\"04f43af\" data-element_type=\"widget\" data-e-type=\"widget\" data-widget_type=\"wd_text_block.default\">\n\t\t\t\t<div class=\"elementor-widget-container\">\n\t\t\t\t\t\t\t<div class=\"wd-text-block reset-last-child text-left\">\n\t\t\t\n\t\t\t<p>Patrick Ollier and Vincent Allard have known each other for 20 years, when they worked together for a French Energy Management and Conversion company in the early 2000s.<\/p><p>\u00a0<\/p><p>Each leads his career in different companies, Patrick in commercial &amp; product development with Embedded Energy as his DNA. Vincent progresses within a Swedish company by occupying various positions, the most recent being a European Sales Director.<\/p><p>They are both experts in the vehicle, nautical and domestic market with solid experience in the sale of technical products for energy and comfort on board.<\/p>\n\t\t\t\t\t<\/div>\n\t\t\t\t\t\t<\/div>\n\t\t\t\t<\/div>\n\t\t\t\t<\/div>\n\t\t<div class=\"elementor-element elementor-element-cfeb618 e-con-full e-flex e-con e-child\" data-id=\"cfeb618\" data-element_type=\"container\" data-e-type=\"container\">\n\t\t<div class=\"elementor-element elementor-element-77be597 e-con-full e-flex e-con e-child\" data-id=\"77be597\" data-element_type=\"container\" data-e-type=\"container\">\n\t\t\t\t<div class=\"elementor-element elementor-element-17a76b5 elementor-widget__width-auto elementor-widget elementor-widget-wd_text_block\" data-id=\"17a76b5\" data-element_type=\"widget\" data-e-type=\"widget\" data-widget_type=\"wd_text_block.default\">\n\t\t\t\t<div class=\"elementor-widget-container\">\n\t\t\t\t\t\t\t<div class=\"wd-text-block reset-last-child text-left color-title\">\n\t\t\t\n\t\t\t<p>Opening of the company<\/p>\n\t\t\t\t\t<\/div>\n\t\t\t\t\t\t<\/div>\n\t\t\t\t<\/div>\n\t\t\t\t<div class=\"elementor-element elementor-element-383efdc elementor-widget__width-auto elementor-widget elementor-widget-wd_text_block\" data-id=\"383efdc\" data-element_type=\"widget\" data-e-type=\"widget\" data-widget_type=\"wd_text_block.default\">\n\t\t\t\t<div class=\"elementor-widget-container\">\n\t\t\t\t\t\t\t<div class=\"wd-text-block reset-last-child text-left\">\n\t\t\t\n\t\t\t<p>2023<\/p>\n\t\t\t\t\t<\/div>\n\t\t\t\t\t\t<\/div>\n\t\t\t\t<\/div>\n\t\t\t\t<\/div>\n\t\t<div class=\"elementor-element elementor-element-a0959d1 e-con-full e-flex e-con e-child\" data-id=\"a0959d1\" data-element_type=\"container\" data-e-type=\"container\">\n\t\t\t\t<div class=\"elementor-element elementor-element-a6ac5af elementor-widget__width-auto elementor-widget elementor-widget-wd_text_block\" data-id=\"a6ac5af\" data-element_type=\"widget\" data-e-type=\"widget\" data-widget_type=\"wd_text_block.default\">\n\t\t\t\t<div class=\"elementor-widget-container\">\n\t\t\t\t\t\t\t<div class=\"wd-text-block reset-last-child text-left color-title\">\n\t\t\t\n\t\t\t<p>Number of projects<\/p>\n\t\t\t\t\t<\/div>\n\t\t\t\t\t\t<\/div>\n\t\t\t\t<\/div>\n\t\t\t\t<div class=\"elementor-element elementor-element-a01894f elementor-widget__width-auto elementor-widget elementor-widget-wd_text_block\" data-id=\"a01894f\" data-element_type=\"widget\" data-e-type=\"widget\" data-widget_type=\"wd_text_block.default\">\n\t\t\t\t<div class=\"elementor-widget-container\">\n\t\t\t\t\t\t\t<div class=\"wd-text-block reset-last-child text-left\">\n\t\t\t\n\t\t\t<p>45<\/p>\n\t\t\t\t\t<\/div>\n\t\t\t\t\t\t<\/div>\n\t\t\t\t<\/div>\n\t\t\t\t<\/div>\n\t\t<div class=\"elementor-element elementor-element-fa80c9f e-con-full e-flex e-con e-child\" data-id=\"fa80c9f\" data-element_type=\"container\" data-e-type=\"container\">\n\t\t\t\t<div class=\"elementor-element elementor-element-e17d821 elementor-widget__width-auto elementor-widget elementor-widget-wd_text_block\" data-id=\"e17d821\" data-element_type=\"widget\" data-e-type=\"widget\" data-widget_type=\"wd_text_block.default\">\n\t\t\t\t<div class=\"elementor-widget-container\">\n\t\t\t\t\t\t\t<div class=\"wd-text-block reset-last-child text-left color-title\">\n\t\t\t\n\t\t\t<p>Number of products selected<\/p>\n\t\t\t\t\t<\/div>\n\t\t\t\t\t\t<\/div>\n\t\t\t\t<\/div>\n\t\t\t\t<div class=\"elementor-element elementor-element-e8cd3a3 elementor-widget__width-auto elementor-widget elementor-widget-wd_text_block\" data-id=\"e8cd3a3\" data-element_type=\"widget\" data-e-type=\"widget\" data-widget_type=\"wd_text_block.default\">\n\t\t\t\t<div class=\"elementor-widget-container\">\n\t\t\t\t\t\t\t<div class=\"wd-text-block reset-last-child text-left\">\n\t\t\t\n\t\t\t<p>+200<\/p>\n\t\t\t\t\t<\/div>\n\t\t\t\t\t\t<\/div>\n\t\t\t\t<\/div>\n\t\t\t\t<\/div>\n\t\t\t\t<\/div>\n\t\t\t\t\t<\/div>\n\t\t\t\t<\/div>\n\t\t<div class=\"elementor-element elementor-element-481b5c5 e-flex e-con-boxed e-con e-parent\" data-id=\"481b5c5\" data-element_type=\"container\" data-e-type=\"container\">\n\t\t\t\t\t<div class=\"e-con-inner\">\n\t\t\t\t<div class=\"elementor-element elementor-element-b8ebd62 elementor-widget-divider--view-line elementor-widget elementor-widget-divider\" data-id=\"b8ebd62\" data-element_type=\"widget\" data-e-type=\"widget\" data-widget_type=\"divider.default\">\n\t\t\t\t<div class=\"elementor-widget-container\">\n\t\t\t\t\t\t\t<div class=\"elementor-divider\">\n\t\t\t<span class=\"elementor-divider-separator\">\n\t\t\t\t\t\t<\/span>\n\t\t<\/div>\n\t\t\t\t\t\t<\/div>\n\t\t\t\t<\/div>\n\t\t<div class=\"elementor-element elementor-element-46bae23 e-con-full e-flex e-con e-child\" data-id=\"46bae23\" data-element_type=\"container\" data-e-type=\"container\">\n\t\t<div class=\"elementor-element elementor-element-c058187 e-con-full e-flex e-con e-child\" data-id=\"c058187\" data-element_type=\"container\" data-e-type=\"container\">\n\t\t\t\t<div class=\"elementor-element elementor-element-6b685fd wd-width-100 elementor-widget elementor-widget-wd_title\" data-id=\"6b685fd\" data-element_type=\"widget\" data-e-type=\"widget\" data-widget_type=\"wd_title.default\">\n\t\t\t\t<div class=\"elementor-widget-container\">\n\t\t\t\t\t\t\t<div class=\"title-wrapper set-mb-s reset-last-child wd-title-color-default wd-title-style-default wd-title-size-default text-left\">\n\n\t\t\t\t\t\t\t<div class=\"title-subtitle subtitle-color-default subtitle-style-default wd-fontsize-xs\">\n\t\t\t\t\t \t\t\t\t<\/div>\n\t\t\t\n\t\t\t<div class=\"liner-continer\">\n\t\t\t\t<h4 class=\"woodmart-title-container title wd-fontsize-l\">Find your experts here<\/h4> \n\t\t\t\t\t\t\t<\/div>\n\n\t\t\t\t\t<\/div>\n\t\t\t\t\t\t<\/div>\n\t\t\t\t<\/div>\n\t\t\t\t<div class=\"elementor-element elementor-element-3a8ee52 elementor-widget elementor-widget-wd_button\" data-id=\"3a8ee52\" data-element_type=\"widget\" data-e-type=\"widget\" data-widget_type=\"wd_button.default\">\n\t\t\t\t<div class=\"elementor-widget-container\">\n\t\t\t\t\t\t\t<div class=\"wd-button-wrapper text-left\" >\n\t\t\t<a class=\"btn btn-style-default btn-style-rectangle btn-size-default btn-color-primary btn-icon-pos-right\"  href=\"https:\/\/evb-france.com\/en\/contact\/\">\n\t\t\t\t<span class=\"wd-btn-text\" data-elementor-setting-key=\"text\">\n\t\t\t\t\tContact page\t\t\t\t<\/span>\n\n\t\t\t\t\t\t\t<\/a>\n\t\t<\/div>\n\t\t\t\t\t\t<\/div>\n\t\t\t\t<\/div>\n\t\t\t\t<\/div>\n\t\t<div class=\"elementor-element elementor-element-5a529e1 e-con-full e-flex e-con e-child\" data-id=\"5a529e1\" data-element_type=\"container\" data-e-type=\"container\">\n\t\t\t\t<div class=\"elementor-element elementor-element-3947f0b elementor-widget__width-initial elementor-widget elementor-widget-wd_team_member\" data-id=\"3947f0b\" data-element_type=\"widget\" data-e-type=\"widget\" data-widget_type=\"wd_team_member.default\">\n\t\t\t\t<div class=\"elementor-widget-container\">\n\t\t\t\t\t\t\t<div class=\"team-member member-layout-hover text-center color-scheme-light\">\n\t\t\t\t\t\t\t<div class=\"member-image-wrapper\">\n\t\t\t\t\t<div class=\"member-image\">\n\t\t\t\t\t\t<img fetchpriority=\"high\" decoding=\"async\" width=\"500\" height=\"500\" src=\"https:\/\/evb-france.com\/wp-content\/uploads\/2024\/05\/Pat.jpeg\" class=\"attachment-full size-full\" alt=\"\" srcset=\"https:\/\/evb-france.com\/wp-content\/uploads\/2024\/05\/Pat.jpeg 500w, https:\/\/evb-france.com\/wp-content\/uploads\/2024\/05\/Pat-300x300.jpeg 300w, https:\/\/evb-france.com\/wp-content\/uploads\/2024\/05\/Pat-150x150.jpeg 150w, https:\/\/evb-france.com\/wp-content\/uploads\/2024\/05\/Pat-12x12.jpeg 12w, https:\/\/evb-france.com\/wp-content\/uploads\/2024\/05\/Pat-430x430.jpeg 430w, https:\/\/evb-france.com\/wp-content\/uploads\/2024\/05\/Pat-190x190.jpeg 190w\" sizes=\"(max-width: 500px) 100vw, 500px\" \/>\t\t\t\t\t<\/div>\n\t\t\t\t<\/div>\n\t\t\t\n\t\t\t<div class=\"member-details set-mb-s reset-last-child\">\n\t\t\t\t\t\t\t\t\t<h4 class=\"member-name\">\n\t\t\t\t\t\tPatrick Ollier\t\t\t\t\t<\/h4>\n\t\t\t\t\n\t\t\t\t\t\t\t\t\t<div class=\"member-position\">\n\t\t\t\t\t\tCO-FOUNDER\t\t\t\t\t<\/div>\n\t\t\t\t\n\t\t\t\t\t\t\t\t\t<div class=\"member-bio\">\n\t\t\t\t\t\t<p>West France<\/p>\t\t\t\t\t<\/div>\n\t\t\t\t\n\t\t\t\t\t\t<div class=\"member-social\">\n\t\t\t<div class=\"wd-social-icons  icons-design-simple icons-size-default social-form-circle\">\n\t\t\t\t\n\t\t\t\t\n\t\t\t\t\t\t\t\t\t<a rel=\"noopener noreferrer nofollow\" class=\"wd-social-icon social-linkedin\" href=\"https:\/\/www.linkedin.com\/in\/patrick-ollier-516a46aa\/\" target=\"_blank\">\n\t\t\t\t\t\t<span class=\"wd-icon\"><\/span>\n\t\t\t\t\t<\/a>\n\t\t\t\t\n\t\t\t\t\n\t\t\t\t\t\t\t<\/div>\n\t\t<\/div>\n\t\t\t\t\t<\/div>\n\t\t<\/div>\n\t\t\t\t\t\t<\/div>\n\t\t\t\t<\/div>\n\t\t\t\t<div class=\"elementor-element elementor-element-07276a4 elementor-widget__width-initial elementor-widget elementor-widget-wd_team_member\" data-id=\"07276a4\" data-element_type=\"widget\" data-e-type=\"widget\" data-widget_type=\"wd_team_member.default\">\n\t\t\t\t<div class=\"elementor-widget-container\">\n\t\t\t\t\t\t\t<div class=\"team-member member-layout-hover text-center color-scheme-light\">\n\t\t\t\t\t\t\t<div class=\"member-image-wrapper\">\n\t\t\t\t\t<div class=\"member-image\">\n\t\t\t\t\t\t<img decoding=\"async\" width=\"800\" height=\"800\" src=\"https:\/\/evb-france.com\/wp-content\/uploads\/2024\/05\/Vinz.jpeg\" class=\"attachment-full size-full\" alt=\"\" srcset=\"https:\/\/evb-france.com\/wp-content\/uploads\/2024\/05\/Vinz.jpeg 800w, https:\/\/evb-france.com\/wp-content\/uploads\/2024\/05\/Vinz-300x300.jpeg 300w, https:\/\/evb-france.com\/wp-content\/uploads\/2024\/05\/Vinz-150x150.jpeg 150w, https:\/\/evb-france.com\/wp-content\/uploads\/2024\/05\/Vinz-768x768.jpeg 768w, https:\/\/evb-france.com\/wp-content\/uploads\/2024\/05\/Vinz-12x12.jpeg 12w, https:\/\/evb-france.com\/wp-content\/uploads\/2024\/05\/Vinz-430x430.jpeg 430w, https:\/\/evb-france.com\/wp-content\/uploads\/2024\/05\/Vinz-700x700.jpeg 700w, https:\/\/evb-france.com\/wp-content\/uploads\/2024\/05\/Vinz-190x190.jpeg 190w\" sizes=\"(max-width: 800px) 100vw, 800px\" \/>\t\t\t\t\t<\/div>\n\t\t\t\t<\/div>\n\t\t\t\n\t\t\t<div class=\"member-details set-mb-s reset-last-child\">\n\t\t\t\t\t\t\t\t\t<h4 class=\"member-name\">\n\t\t\t\t\t\tVincent Allard\t\t\t\t\t<\/h4>\n\t\t\t\t\n\t\t\t\t\t\t\t\t\t<div class=\"member-position\">\n\t\t\t\t\t\tCO-FOUNDER\t\t\t\t\t<\/div>\n\t\t\t\t\n\t\t\t\t\t\t\t\t\t<div class=\"member-bio\">\n\t\t\t\t\t\t<p>East France<\/p><p><a href=\"https:\/\/calendly.com\/vincent-allard-evb-france\/30min\" target=\"_blank\" rel=\"noopener\">Make an appointment here<\/a><\/p>\t\t\t\t\t<\/div>\n\t\t\t\t\n\t\t\t\t\t\t<div class=\"member-social\">\n\t\t\t<div class=\"wd-social-icons  icons-design-simple icons-size-default social-form-circle\">\n\t\t\t\t\n\t\t\t\t\n\t\t\t\t\t\t\t\t\t<a rel=\"noopener noreferrer nofollow\" class=\"wd-social-icon social-linkedin\" href=\"https:\/\/www.linkedin.com\/in\/vincent-allard\" target=\"_blank\">\n\t\t\t\t\t\t<span class=\"wd-icon\"><\/span>\n\t\t\t\t\t<\/a>\n\t\t\t\t\n\t\t\t\t\n\t\t\t\t\t\t\t<\/div>\n\t\t<\/div>\n\t\t\t\t\t<\/div>\n\t\t<\/div>\n\t\t\t\t\t\t<\/div>\n\t\t\t\t<\/div>\n\t\t\t\t<\/div>\n\t\t\t\t<\/div>\n\t\t\t\t\t<\/div>\n\t\t\t\t<\/div>\n\t\t\t\t<\/div>","protected":false},"excerpt":{"rendered":"<p>Exp\u00e9rience et Proximit\u00e9 Parlons un peu de votre \u00e9quipe&#8230; Patrick Ollier et Vincent Allard se connaissent depuis 20 ans, lorsqu\u2019ils<\/p>","protected":false},"author":1,"featured_media":0,"parent":0,"menu_order":0,"comment_status":"closed","ping_status":"closed","template":"","meta":{"_acf_changed":false,"footnotes":""},"class_list":["post-17","page","type-page","status-publish","hentry"],"acf":[],"_links":{"self":[{"href":"https:\/\/evb-france.com\/en\/wp-json\/wp\/v2\/pages\/17","targetHints":{"allow":["GET"]}}],"collection":[{"href":"https:\/\/evb-france.com\/en\/wp-json\/wp\/v2\/pages"}],"about":[{"href":"https:\/\/evb-france.com\/en\/wp-json\/wp\/v2\/types\/page"}],"author":[{"embeddable":true,"href":"https:\/\/evb-france.com\/en\/wp-json\/wp\/v2\/users\/1"}],"replies":[{"embeddable":true,"href":"https:\/\/evb-france.com\/en\/wp-json\/wp\/v2\/comments?post=17"}],"version-history":[{"count":22,"href":"https:\/\/evb-france.com\/en\/wp-json\/wp\/v2\/pages\/17\/revisions"}],"predecessor-version":[{"id":2036,"href":"https:\/\/evb-france.com\/en\/wp-json\/wp\/v2\/pages\/17\/revisions\/2036"}],"wp:attachment":[{"href":"https:\/\/evb-france.com\/en\/wp-json\/wp\/v2\/media?parent=17"}],"curies":[{"name":"wp","href":"https:\/\/api.w.org\/{rel}","templated":true}]}}